{"id":7104,"date":"2025-10-03T17:31:30","date_gmt":"2025-10-03T14:31:30","guid":{"rendered":"https:\/\/past-perfect.gr\/product\/coaster-board-laura-christmas-white-greengate\/"},"modified":"2026-03-18T19:35:48","modified_gmt":"2026-03-18T17:35:48","slug":"sous-verre-laura-christmas-white-greengate","status":"publish","type":"product","link":"https:\/\/past-perfect.gr\/fr\/katastima\/home-decor\/coaster-board-laura-christmas-white-greengate\/","title":{"rendered":"Sous-verre Laura christmas blanc - Greengate"},"content":{"rendered":"<p>Produit Greengate Coaster board Laura christmas white high quality product for elegant home.<\/p>\n<p>Une belle soupi\u00e8re en porcelaine r\u00e9sistante. La s\u00e9rie <strong data-start=\"211\" data-end=\"220\">Laura<\/strong> refl\u00e8te la joie et l'impatience d'un enfant qui attend le jour de No\u00ebl. Associez-le aux plats <strong data-start=\"342\" data-end=\"354\">Tous les jours<\/strong> dans les tons claret red et pinewood green pour un ensemble complet et festif.<\/p>\n<p><strong>Mat\u00e9riau : <\/strong>C\u00e9ramique<br \/>\n<strong>Couleur :<\/strong> blanc<br \/>\n<strong>Hauteur :<\/strong> 1 cm<br \/>\n<strong>Diam\u00e8tre\/Largeur : <\/strong>12 cm<br \/>\n<strong>Capacit\u00e9 :<\/strong> L<br \/>\n<strong>Collection : <\/strong><strong>GreenGate<\/strong><br \/>\n<strong>Conception : <\/strong>Laura Christmas<\/p>\n<p>Essuyer avec un chiffon humide.<\/p>","protected":false},"excerpt":{"rendered":"<p>\u03a0\u03c1\u03bf\u03ca\u03cc\u03bd Greengate Coaster board Laura christmas white \u03c5\u03c8\u03b7\u03bb\u03ae\u03c2 \u03c0\u03bf\u03b9\u03cc\u03c4\u03b7\u03c4\u03b1\u03c2 \u03b3\u03b9\u03b1 \u03ba\u03bf\u03bc\u03c8\u03cc \u03c3\u03c0\u03af\u03c4\u03b9. \u0388\u03bd\u03b1 \u03cc\u03bc\u03bf\u03c1\u03c6\u03bf \u03c3\u03bf\u03c5\u03c0\u03bb\u03ac \u03b1\u03c0\u03cc \u03b1\u03bd\u03b8\u03b5\u03ba\u03c4\u03b9\u03ba\u03cc \u03c0\u03bf\u03c1\u03c3\u03b5\u03bb\u03ac\u03bd\u03b7. \u0397 \u03c3\u03b5\u03b9\u03c1\u03ac Laura \u03b1\u03c0\u03bf\u03c4\u03c5\u03c0\u03ce\u03bd\u03b5\u03b9 \u03c4\u03b7 \u03c7\u03b1\u03c1\u03ac \u03ba\u03b1\u03b9 \u03c4\u03b7\u03bd \u03b1\u03bd\u03c5\u03c0\u03bf\u03bc\u03bf\u03bd\u03b7\u03c3\u03af\u03b1 \u03b5\u03bd\u03cc\u03c2 \u03c0\u03b1\u03b9\u03b4\u03b9\u03bf\u03cd \u03ba\u03b1\u03b8\u03ce\u03c2 \u03c0\u03b5\u03c1\u03b9\u03bc\u03ad\u03bd\u03b5\u03b9 \u03c4\u03b7 \u03bc\u03ad\u03c1\u03b1 \u03c4\u03c9\u03bd \u03a7\u03c1\u03b9\u03c3\u03c4\u03bf\u03c5\u03b3\u03ad\u03bd\u03bd\u03c9\u03bd. \u03a3\u03c5\u03bd\u03b4\u03c5\u03ac\u03c3\u03c4\u03b5 \u03c4\u03bf \u03bc\u03b5 \u03c4\u03b1 \u03c0\u03b9\u03ac\u03c4\u03b1 Everyday \u03c3\u03b5 \u03b1\u03c0\u03bf\u03c7\u03c1\u03ce\u03c3\u03b5\u03b9\u03c2 claret red \u03ba\u03b1\u03b9 pinewood green \u03b3\u03b9\u03b1 \u03ad\u03bd\u03b1 \u03c0\u03bb\u03ae\u03c1\u03b5\u03c2, \u03b3\u03b9\u03bf\u03c1\u03c4\u03b9\u03bd\u03cc \u03c3\u03b5\u03c4. Material: Ceramic [&hellip;]<\/p>\n","protected":false},"featured_media":7194,"comment_status":"closed","ping_status":"closed","template":"","meta":{"_gspb_post_css":""},"product_brand":[],"product_cat":[96,97],"product_tag":[252,101,189,253,238,223],"class_list":{"0":"post-7104","1":"product","2":"type-product","3":"status-publish","4":"has-post-thumbnail","6":"product_cat-home-decor","7":"product_cat-greengate-home-decor","8":"product_tag-coaster","9":"product_tag-greengate","10":"product_tag-inp031025","11":"product_tag-vintage","12":"product_tag-238","13":"product_tag-223","15":"first","16":"instock","17":"purchasable","18":"product-type-simple"},"ct_brands":[],"_links":{"self":[{"href":"https:\/\/past-perfect.gr\/fr\/wp-json\/wp\/v2\/product\/7104","targetHints":{"allow":["GET"]}}],"collection":[{"href":"https:\/\/past-perfect.gr\/fr\/wp-json\/wp\/v2\/product"}],"about":[{"href":"https:\/\/past-perfect.gr\/fr\/wp-json\/wp\/v2\/types\/product"}],"replies":[{"embeddable":true,"href":"https:\/\/past-perfect.gr\/fr\/wp-json\/wp\/v2\/comments?post=7104"}],"wp:featuredmedia":[{"embeddable":true,"href":"https:\/\/past-perfect.gr\/fr\/wp-json\/wp\/v2\/media\/7194"}],"wp:attachment":[{"href":"https:\/\/past-perfect.gr\/fr\/wp-json\/wp\/v2\/media?parent=7104"}],"wp:term":[{"taxonomy":"product_brand","embeddable":true,"href":"https:\/\/past-perfect.gr\/fr\/wp-json\/wp\/v2\/product_brand?post=7104"},{"taxonomy":"product_cat","embeddable":true,"href":"https:\/\/past-perfect.gr\/fr\/wp-json\/wp\/v2\/product_cat?post=7104"},{"taxonomy":"product_tag","embeddable":true,"href":"https:\/\/past-perfect.gr\/fr\/wp-json\/wp\/v2\/product_tag?post=7104"}],"curies":[{"name":"wp","href":"https:\/\/api.w.org\/{rel}","templated":true}]}}