{"id":7105,"date":"2025-10-03T17:31:30","date_gmt":"2025-10-03T14:31:30","guid":{"rendered":"https:\/\/past-perfect.gr\/product\/napkin-with-lace-elsy-white-greengate\/"},"modified":"2026-01-02T18:20:02","modified_gmt":"2026-01-02T16:20:02","slug":"serviette-avec-dentelle-elsy-white-greengate","status":"publish","type":"product","link":"https:\/\/past-perfect.gr\/fr\/katastima\/inp-yfasmatina-eidi\/napkin-with-lace-elsy-white-greengate\/","title":{"rendered":"Serviette de table avec dentelle Elsy blanc - Greengate"},"content":{"rendered":"<p>Produit Greengate Serviette de table avec dentelle Elsy blanc produit de haute qualit\u00e9 pour une maison \u00e9l\u00e9gante.<\/p>","protected":false},"excerpt":{"rendered":"<p>Produit Greengate Serviette de table avec dentelle Elsy blanc produit de haute qualit\u00e9 pour une maison \u00e9l\u00e9gante.<\/p>","protected":false},"featured_media":7145,"comment_status":"closed","ping_status":"closed","template":"","meta":{"_gspb_post_css":""},"product_brand":[],"product_cat":[208],"product_tag":[101,189,239],"class_list":{"0":"post-7105","1":"product","2":"type-product","3":"status-publish","4":"has-post-thumbnail","6":"product_cat-inp-yfasmatina-eidi","7":"product_tag-greengate","8":"product_tag-inp031025","9":"product_tag-239","11":"first","12":"instock","13":"purchasable","14":"product-type-simple"},"ct_brands":[],"_links":{"self":[{"href":"https:\/\/past-perfect.gr\/fr\/wp-json\/wp\/v2\/product\/7105","targetHints":{"allow":["GET"]}}],"collection":[{"href":"https:\/\/past-perfect.gr\/fr\/wp-json\/wp\/v2\/product"}],"about":[{"href":"https:\/\/past-perfect.gr\/fr\/wp-json\/wp\/v2\/types\/product"}],"replies":[{"embeddable":true,"href":"https:\/\/past-perfect.gr\/fr\/wp-json\/wp\/v2\/comments?post=7105"}],"wp:featuredmedia":[{"embeddable":true,"href":"https:\/\/past-perfect.gr\/fr\/wp-json\/wp\/v2\/media\/7145"}],"wp:attachment":[{"href":"https:\/\/past-perfect.gr\/fr\/wp-json\/wp\/v2\/media?parent=7105"}],"wp:term":[{"taxonomy":"product_brand","embeddable":true,"href":"https:\/\/past-perfect.gr\/fr\/wp-json\/wp\/v2\/product_brand?post=7105"},{"taxonomy":"product_cat","embeddable":true,"href":"https:\/\/past-perfect.gr\/fr\/wp-json\/wp\/v2\/product_cat?post=7105"},{"taxonomy":"product_tag","embeddable":true,"href":"https:\/\/past-perfect.gr\/fr\/wp-json\/wp\/v2\/product_tag?post=7105"}],"curies":[{"name":"wp","href":"https:\/\/api.w.org\/{rel}","templated":true}]}}