{"id":7109,"date":"2025-10-03T17:31:30","date_gmt":"2025-10-03T14:31:30","guid":{"rendered":"https:\/\/past-perfect.gr\/product\/dessert-bowl-alice-grey-greengate\/"},"modified":"2026-03-19T14:38:55","modified_gmt":"2026-03-19T12:38:55","slug":"bol-a-dessert-alice-grey-greengate","status":"publish","type":"product","link":"https:\/\/past-perfect.gr\/fr\/katastima\/home-decor\/greengate-home-decor\/greengate-everyday-collection\/dessert-bowl-alice-grey-greengate\/","title":{"rendered":"Bol \u00e0 dessert Alice grey - Greengate"},"content":{"rendered":"<p>Le bol \u00e0 dessert Alice Grey est un bol en verre, avec des d\u00e9corations \u00e9l\u00e9gantes et d\u00e9taill\u00e9es qui soulignent le caract\u00e8re particulier de la s\u00e9rie Alice. Id\u00e9al pour ceux qui aiment la couleur et les objets uniques, il se combine facilement avec d'autres couleurs de la collection Everyday, vous permettant de cr\u00e9er une table unique et \u00e9l\u00e9gante.<\/p>\n<p><strong>Mat\u00e9riau : <\/strong>Verre<br \/>\n<strong>Couleur :<\/strong> gris<br \/>\n<strong>Hauteur :<\/strong> 9,8 cm<br \/>\n<strong>Diam\u00e8tre\/Largeur : <\/strong>10,4 cm<br \/>\n<strong>Capacit\u00e9 :<\/strong> 0,3 L<br \/>\n<strong>Collection : <\/strong><strong>Tous les jours<\/strong><br \/>\n<strong>Conception : <\/strong>Alice<\/p>\n<p>Lavable au lave-vaisselle<\/p>","protected":false},"excerpt":{"rendered":"<p data-start=\"0\" data-end=\"264\">Greengate est une entreprise danoise qui s'inspire de la philosophie consistant \u00e0 \u00ab ralentir le temps \u00bb et \u00e0 valoriser les petits moments du quotidien. Ses produits sont cr\u00e9\u00e9s avec amour et soin, apportant une sensation de chaleur et de partage \u00e0 la maison.<\/p>\n<p data-start=\"266\" data-end=\"555\" data-is-last-node=\"\" data-is-only-node=\"\">Les motifs faits main de Greengate s'inspirent d'une collection unique de motifs authentiques du XIXe si\u00e8cle provenant de France. Chaque motif \u00e9volue et s'adapte gr\u00e2ce \u00e0 des combinaisons de couleurs contemporaines, inspir\u00e9es de l'esth\u00e9tique scandinave, cr\u00e9ant ainsi des produits intemporels et \u00e9l\u00e9gants.<\/p>","protected":false},"featured_media":7217,"comment_status":"closed","ping_status":"closed","template":"","meta":{"_gspb_post_css":""},"product_brand":[],"product_cat":[185,97,96],"product_tag":[274,282,286,101,285,283,284,238],"class_list":{"0":"post-7109","1":"product","2":"type-product","3":"status-publish","4":"has-post-thumbnail","6":"product_cat-greengate-everyday-collection","7":"product_cat-greengate-home-decor","8":"product_cat-home-decor","9":"product_tag-alice","10":"product_tag-bowl","11":"product_tag-everyday-collection","12":"product_tag-greengate","13":"product_tag-ice-cream","14":"product_tag-283","15":"product_tag-284","16":"product_tag-238","18":"first","19":"instock","20":"purchasable","21":"product-type-simple"},"ct_brands":[],"_links":{"self":[{"href":"https:\/\/past-perfect.gr\/fr\/wp-json\/wp\/v2\/product\/7109","targetHints":{"allow":["GET"]}}],"collection":[{"href":"https:\/\/past-perfect.gr\/fr\/wp-json\/wp\/v2\/product"}],"about":[{"href":"https:\/\/past-perfect.gr\/fr\/wp-json\/wp\/v2\/types\/product"}],"replies":[{"embeddable":true,"href":"https:\/\/past-perfect.gr\/fr\/wp-json\/wp\/v2\/comments?post=7109"}],"wp:featuredmedia":[{"embeddable":true,"href":"https:\/\/past-perfect.gr\/fr\/wp-json\/wp\/v2\/media\/7217"}],"wp:attachment":[{"href":"https:\/\/past-perfect.gr\/fr\/wp-json\/wp\/v2\/media?parent=7109"}],"wp:term":[{"taxonomy":"product_brand","embeddable":true,"href":"https:\/\/past-perfect.gr\/fr\/wp-json\/wp\/v2\/product_brand?post=7109"},{"taxonomy":"product_cat","embeddable":true,"href":"https:\/\/past-perfect.gr\/fr\/wp-json\/wp\/v2\/product_cat?post=7109"},{"taxonomy":"product_tag","embeddable":true,"href":"https:\/\/past-perfect.gr\/fr\/wp-json\/wp\/v2\/product_tag?post=7109"}],"curies":[{"name":"wp","href":"https:\/\/api.w.org\/{rel}","templated":true}]}}