{"id":7112,"date":"2025-10-03T17:31:30","date_gmt":"2025-10-03T14:31:30","guid":{"rendered":"https:\/\/past-perfect.gr\/product\/dinner-plate-jacobe-white-greengate\/"},"modified":"2026-03-19T14:38:58","modified_gmt":"2026-03-19T12:38:58","slug":"assiette-a-diner-jacobe-white-greengate","status":"publish","type":"product","link":"https:\/\/past-perfect.gr\/fr\/katastima\/home-decor\/dinner-plate-jacobe-white-greengate\/","title":{"rendered":"Assiette plate Jacobe blanc - Greengate"},"content":{"rendered":"<p data-start=\"0\" data-end=\"308\">L'assiette GreenGate Jacobe White est une grande assiette en porcelaine r\u00e9sistante, id\u00e9ale pour un usage quotidien ou pour les occasions sp\u00e9ciales. Il pr\u00e9sente une combinaison de couleurs contemporaines avec des nuances modernes de lavande et des d\u00e9tails dor\u00e9s discrets et luxueux qui ajoutent une touche d'\u00e9l\u00e9gance \u00e0 votre table.<\/p>\n<p data-start=\"310\" data-end=\"607\" data-is-last-node=\"\" data-is-only-node=\"\">Il se marie \u00e0 merveille avec les motifs Everyday dans des tons vert p\u00e2le et vert poussi\u00e9reux, cr\u00e9ant une ambiance estivale et rafra\u00eechissante pour le service.<br data-start=\"459\" data-end=\"462\" \/>\u26a0\ufe0f Ne convient pas au lave-vaisselle ni au micro-ondes. Il est recommand\u00e9 de le laver \u00e0 la main afin de pr\u00e9server sa qualit\u00e9 et son aspect d\u00e9coratif.<\/p>\n<details open=\"\">\n<div class=\"accordion__content rte\">\n<p><strong>Mat\u00e9riau : <\/strong>Gr\u00e8s<br \/>\n<strong>Couleur :<\/strong> blanc<br \/>\n<strong>Hauteur :<\/strong> 2 cm<br \/>\n<strong>Diam\u00e8tre\/Largeur : <\/strong>26,7 cm<br \/>\n<strong>Capacit\u00e9 :<\/strong> L<br \/>\n<strong>Collection : <\/strong><strong>Premium<\/strong><br \/>\n<strong>Conception : <\/strong>Jacobe<\/p>\n<\/div>\n<\/details>","protected":false},"excerpt":{"rendered":"<p data-start=\"0\" data-end=\"294\">Greengate est une entreprise danoise qui s'inspire de la philosophie consistant \u00e0 \u00ab ralentir le temps \u00bb et \u00e0 accorder plus de valeur aux petits moments du quotidien. Ses produits sont cr\u00e9\u00e9s avec amour et soin afin de renforcer le sentiment de chaleur, de partage et de joie \u00e0 la maison.<\/p>\n<p data-start=\"296\" data-end=\"599\" data-is-last-node=\"\" data-is-only-node=\"\">Les cr\u00e9ations Greengate s'inspirent d'une collection unique de motifs artisanaux fran\u00e7ais du XIXe si\u00e8cle, qui \u00e9voluent et s'adaptent gr\u00e2ce \u00e0 des combinaisons de couleurs contemporaines, inspir\u00e9es de l'esth\u00e9tique scandinave. Ainsi, chaque produit allie romantisme intemporel et design moderne.<\/p>","protected":false},"featured_media":7200,"comment_status":"closed","ping_status":"closed","template":"","meta":{"_gspb_post_css":""},"product_brand":[],"product_cat":[96,97,99],"product_tag":[270,101,189,244,246,202,271,238],"class_list":{"0":"post-7112","1":"product","2":"type-product","3":"status-publish","4":"has-post-thumbnail","6":"product_cat-home-decor","7":"product_cat-greengate-home-decor","8":"product_cat-porselanes","9":"product_tag-dinner-plate","10":"product_tag-greengate","11":"product_tag-inp031025","12":"product_tag-piato","13":"product_tag-246","14":"product_tag-202","15":"product_tag-271","16":"product_tag-238","18":"first","19":"instock","20":"purchasable","21":"product-type-simple"},"ct_brands":[],"_links":{"self":[{"href":"https:\/\/past-perfect.gr\/fr\/wp-json\/wp\/v2\/product\/7112","targetHints":{"allow":["GET"]}}],"collection":[{"href":"https:\/\/past-perfect.gr\/fr\/wp-json\/wp\/v2\/product"}],"about":[{"href":"https:\/\/past-perfect.gr\/fr\/wp-json\/wp\/v2\/types\/product"}],"replies":[{"embeddable":true,"href":"https:\/\/past-perfect.gr\/fr\/wp-json\/wp\/v2\/comments?post=7112"}],"wp:featuredmedia":[{"embeddable":true,"href":"https:\/\/past-perfect.gr\/fr\/wp-json\/wp\/v2\/media\/7200"}],"wp:attachment":[{"href":"https:\/\/past-perfect.gr\/fr\/wp-json\/wp\/v2\/media?parent=7112"}],"wp:term":[{"taxonomy":"product_brand","embeddable":true,"href":"https:\/\/past-perfect.gr\/fr\/wp-json\/wp\/v2\/product_brand?post=7112"},{"taxonomy":"product_cat","embeddable":true,"href":"https:\/\/past-perfect.gr\/fr\/wp-json\/wp\/v2\/product_cat?post=7112"},{"taxonomy":"product_tag","embeddable":true,"href":"https:\/\/past-perfect.gr\/fr\/wp-json\/wp\/v2\/product_tag?post=7112"}],"curies":[{"name":"wp","href":"https:\/\/api.w.org\/{rel}","templated":true}]}}