{"id":7114,"date":"2025-10-03T17:31:30","date_gmt":"2025-10-03T14:31:30","guid":{"rendered":"https:\/\/past-perfect.gr\/product\/jug-alice-claret-red-15l-greengate\/"},"modified":"2026-04-01T20:50:35","modified_gmt":"2026-04-01T17:50:35","slug":"pichet-alice-claret-rouge-15l-greengate","status":"publish","type":"product","link":"https:\/\/past-perfect.gr\/fr\/katastima\/home-decor\/greengate-home-decor\/porselanes\/jug-alice-claret-red-15l-greengate\/","title":{"rendered":"Pichet Alice rouge bordeaux 1,5L - Greengate"},"content":{"rendered":"<p>Avec sa teinte rouge profond, cette impressionnante cruche en c\u00e9ramique allie une \u00e9l\u00e9gance dynamique \u00e0 la praticit\u00e9 d'un usage quotidien.<\/p>\n<p><strong>Mat\u00e9riau : <\/strong>Gr\u00e8s<br \/>\n<strong>Couleur :<\/strong> rouge fonc\u00e9<br \/>\n<strong>Hauteur :<\/strong> 19 cm<br \/>\n<strong>Diam\u00e8tre\/Largeur : <\/strong>13,5 cm<br \/>\n<strong>Capacit\u00e9 :<\/strong> 1,5 L<br \/>\n<strong>Collection : <\/strong><strong>Tous les jours<\/strong><br \/>\n<strong>Conception : <\/strong>Alice<\/p>\n<p>Adapt\u00e9 au micro-ondes<\/p>","protected":false},"excerpt":{"rendered":"<p data-start=\"0\" data-end=\"264\">Greengate est une entreprise danoise qui s'inspire de la philosophie consistant \u00e0 \u00ab ralentir le temps \u00bb et \u00e0 valoriser les petits moments du quotidien. Ses produits sont cr\u00e9\u00e9s avec amour et soin, apportant une sensation de chaleur et de partage \u00e0 la maison.<\/p>\n<p data-start=\"266\" data-end=\"555\" data-is-last-node=\"\" data-is-only-node=\"\">Les motifs faits main de Greengate s'inspirent d'une collection unique de motifs authentiques du XIXe si\u00e8cle provenant de France. Chaque motif \u00e9volue et s'adapte gr\u00e2ce \u00e0 des combinaisons de couleurs contemporaines, inspir\u00e9es de l'esth\u00e9tique scandinave, cr\u00e9ant ainsi des produits intemporels et \u00e9l\u00e9gants.<\/p>","protected":false},"featured_media":7203,"comment_status":"closed","ping_status":"closed","template":"","meta":{"_gspb_post_css":""},"product_brand":[],"product_cat":[99,185,97,96,297],"product_tag":[274,275,101,189,272,273,276,277,238],"class_list":{"0":"post-7114","1":"product","2":"type-product","3":"status-publish","4":"has-post-thumbnail","6":"product_cat-porselanes","7":"product_cat-greengate-everyday-collection","8":"product_cat-greengate-home-decor","9":"product_cat-home-decor","10":"product_cat-kanates","11":"product_tag-alice","12":"product_tag-claret-red","13":"product_tag-greengate","14":"product_tag-inp031025","15":"product_tag-jug","16":"product_tag-kanata","17":"product_tag-276","18":"product_tag-277","19":"product_tag-238","21":"first","22":"instock","23":"purchasable","24":"product-type-simple"},"ct_brands":[],"_links":{"self":[{"href":"https:\/\/past-perfect.gr\/fr\/wp-json\/wp\/v2\/product\/7114","targetHints":{"allow":["GET"]}}],"collection":[{"href":"https:\/\/past-perfect.gr\/fr\/wp-json\/wp\/v2\/product"}],"about":[{"href":"https:\/\/past-perfect.gr\/fr\/wp-json\/wp\/v2\/types\/product"}],"replies":[{"embeddable":true,"href":"https:\/\/past-perfect.gr\/fr\/wp-json\/wp\/v2\/comments?post=7114"}],"wp:featuredmedia":[{"embeddable":true,"href":"https:\/\/past-perfect.gr\/fr\/wp-json\/wp\/v2\/media\/7203"}],"wp:attachment":[{"href":"https:\/\/past-perfect.gr\/fr\/wp-json\/wp\/v2\/media?parent=7114"}],"wp:term":[{"taxonomy":"product_brand","embeddable":true,"href":"https:\/\/past-perfect.gr\/fr\/wp-json\/wp\/v2\/product_brand?post=7114"},{"taxonomy":"product_cat","embeddable":true,"href":"https:\/\/past-perfect.gr\/fr\/wp-json\/wp\/v2\/product_cat?post=7114"},{"taxonomy":"product_tag","embeddable":true,"href":"https:\/\/past-perfect.gr\/fr\/wp-json\/wp\/v2\/product_tag?post=7114"}],"curies":[{"name":"wp","href":"https:\/\/api.w.org\/{rel}","templated":true}]}}