{"id":7165,"date":"2026-01-02T19:17:11","date_gmt":"2026-01-02T17:17:11","guid":{"rendered":"https:\/\/past-perfect.gr\/?post_type=product&#038;p=7165"},"modified":"2026-01-10T13:09:44","modified_gmt":"2026-01-10T11:09:44","slug":"tasse-a-latte-jacobe-white-greengate","status":"publish","type":"product","link":"https:\/\/past-perfect.gr\/fr\/katastima\/home-decor\/greengate-home-decor\/porselanes\/latte-cup-jacobe-white-greengate\/","title":{"rendered":"Tasse \u00e0 latte Jacobe blanche \u2013 Greengate"},"content":{"rendered":"<p>\u0397 <strong data-start=\"467\" data-end=\"503\">Tasse \u00e0 caf\u00e9 GreenGate Jacobe White<\/strong> allie la nostalgie d'un motif floral classique \u00e0 une esth\u00e9tique moderne. Une tasse en porcelaine raffin\u00e9e, qui apporte du caract\u00e8re et une touche de couleur douce \u00e0 votre table.<br data-start=\"665\" data-end=\"668\" data-is-only-node=\"\" \/><em data-start=\"668\" data-end=\"733\">Ne convient pas au lave-vaisselle ni au micro-ondes.<\/em><\/p>","protected":false},"excerpt":{"rendered":"<p>La tasse \u00e0 latte GreenGate Jacobe White allie la nostalgie d'un motif floral classique \u00e0 une esth\u00e9tique moderne. Une tasse en porcelaine raffin\u00e9e qui apporte du caract\u00e8re et une touche de couleur \u00e0 votre table. Elle ne passe pas au lave-vaisselle ni au micro-ondes.<\/p>","protected":false},"featured_media":7166,"comment_status":"closed","ping_status":"closed","template":"","meta":{"_gspb_post_css":""},"product_brand":[],"product_cat":[99,97,96],"product_tag":[101,189,199,200,201,196,197,198],"class_list":{"0":"post-7165","1":"product","2":"type-product","3":"status-publish","4":"has-post-thumbnail","6":"product_cat-porselanes","7":"product_cat-greengate-home-decor","8":"product_cat-home-decor","9":"product_tag-greengate","10":"product_tag-inp031025","11":"product_tag-koupa-kafe","12":"product_tag-koupa-poselanis","13":"product_tag-koupa-tsagiou","14":"product_tag-196","15":"product_tag-197","16":"product_tag-198","18":"first","19":"outofstock","20":"sale","21":"purchasable","22":"product-type-simple"},"ct_brands":[],"_links":{"self":[{"href":"https:\/\/past-perfect.gr\/fr\/wp-json\/wp\/v2\/product\/7165","targetHints":{"allow":["GET"]}}],"collection":[{"href":"https:\/\/past-perfect.gr\/fr\/wp-json\/wp\/v2\/product"}],"about":[{"href":"https:\/\/past-perfect.gr\/fr\/wp-json\/wp\/v2\/types\/product"}],"replies":[{"embeddable":true,"href":"https:\/\/past-perfect.gr\/fr\/wp-json\/wp\/v2\/comments?post=7165"}],"wp:featuredmedia":[{"embeddable":true,"href":"https:\/\/past-perfect.gr\/fr\/wp-json\/wp\/v2\/media\/7166"}],"wp:attachment":[{"href":"https:\/\/past-perfect.gr\/fr\/wp-json\/wp\/v2\/media?parent=7165"}],"wp:term":[{"taxonomy":"product_brand","embeddable":true,"href":"https:\/\/past-perfect.gr\/fr\/wp-json\/wp\/v2\/product_brand?post=7165"},{"taxonomy":"product_cat","embeddable":true,"href":"https:\/\/past-perfect.gr\/fr\/wp-json\/wp\/v2\/product_cat?post=7165"},{"taxonomy":"product_tag","embeddable":true,"href":"https:\/\/past-perfect.gr\/fr\/wp-json\/wp\/v2\/product_tag?post=7165"}],"curies":[{"name":"wp","href":"https:\/\/api.w.org\/{rel}","templated":true}]}}