{"id":7168,"date":"2026-01-02T19:22:05","date_gmt":"2026-01-02T17:22:05","guid":{"rendered":"https:\/\/past-perfect.gr\/?post_type=product&#038;p=7168"},"modified":"2026-04-01T20:49:06","modified_gmt":"2026-04-01T17:49:06","slug":"tasse-a-latte-uma-beige-greengate","status":"publish","type":"product","link":"https:\/\/past-perfect.gr\/fr\/katastima\/home-decor\/greengate-home-decor\/porselanes\/latte-cup-uma-beige-greengate\/","title":{"rendered":"Tasse \u00e0 latte Uma beige \u2013 Greengate"},"content":{"rendered":"<p data-start=\"136\" data-end=\"494\">\u0397 <strong data-start=\"138\" data-end=\"171\">Tasse \u00e0 caf\u00e9 GreenGate Uma beige<\/strong> apporte une touche discr\u00e8te de luxe \u00e0 vos moments caf\u00e9. En porcelaine de haute qualit\u00e9, sa teinte beige chaleureuse rappelle la lumi\u00e8re hivernale sur les paysages gel\u00e9s.<br \/>\nId\u00e9ale \u00e0 associer avec les services de table de la s\u00e9rie <strong data-start=\"386\" data-end=\"398\">Tous les jours<\/strong> dans des tons doux et terreux ou bleus, ajoutant une touche discr\u00e8te et raffin\u00e9e \u00e0 votre table.<\/p>\n<p data-start=\"136\" data-end=\"494\"><strong>Mat\u00e9riau : <\/strong>Gr\u00e8s<br \/>\n<strong>Couleur :<\/strong> beige<br \/>\n<strong>Hauteur :<\/strong> 9 cm<br \/>\n<strong>Diam\u00e8tre\/Largeur : <\/strong>10 cm<br \/>\n<strong>Capacit\u00e9 :<\/strong> 0,35 L<br \/>\n<strong>Collection : <\/strong><strong>GreenGate<\/strong><br \/>\n<strong>Conception : <\/strong>Uma<\/p>\n<p data-start=\"136\" data-end=\"494\">Adapt\u00e9 au micro-ondes<\/p>","protected":false},"excerpt":{"rendered":"<p>\u0397 GreenGate Latte cup Uma beige \u03c6\u03ad\u03c1\u03bd\u03b5\u03b9 \u03bc\u03b9\u03b1 \u03b4\u03b9\u03b1\u03ba\u03c1\u03b9\u03c4\u03b9\u03ba\u03ae \u03b1\u03af\u03c3\u03b8\u03b7\u03c3\u03b7 \u03c0\u03bf\u03bb\u03c5\u03c4\u03ad\u03bb\u03b5\u03b9\u03b1\u03c2 \u03c3\u03c4\u03b9\u03c2 \u03c3\u03c4\u03b9\u03b3\u03bc\u03ad\u03c2 \u03ba\u03b1\u03c6\u03ad \u03c3\u03b1\u03c2. \u0391\u03c0\u03cc \u03c0\u03bf\u03c1\u03c3\u03b5\u03bb\u03ac\u03bd\u03b7 \u03c5\u03c8\u03b7\u03bb\u03ae\u03c2 \u03c0\u03bf\u03b9\u03cc\u03c4\u03b7\u03c4\u03b1\u03c2, \u03b7 \u03b6\u03b5\u03c3\u03c4\u03ae \u03bc\u03c0\u03b5\u03b6 \u03b1\u03c0\u03cc\u03c7\u03c1\u03c9\u03c3\u03ae \u03c4\u03b7\u03c2 \u03b8\u03c5\u03bc\u03af\u03b6\u03b5\u03b9 \u03c7\u03b5\u03b9\u03bc\u03c9\u03bd\u03b9\u03ac\u03c4\u03b9\u03ba\u03bf \u03c6\u03c9\u03c2 \u03c0\u03ac\u03bd\u03c9 \u03c3\u03b5 \u03c0\u03b1\u03b3\u03c9\u03bc\u03ad\u03bd\u03b1 \u03c4\u03bf\u03c0\u03af\u03b1. \u0399\u03b4\u03b1\u03bd\u03b9\u03ba\u03ae \u03b3\u03b9\u03b1 \u03bd\u03b1 \u03c4\u03b7 \u03c3\u03c5\u03bd\u03b4\u03c5\u03ac\u03c3\u03b5\u03c4\u03b5 \u03bc\u03b5 \u03c3\u03b5\u03c1\u03b2\u03af\u03c4\u03c3\u03b9\u03b1 \u03c4\u03b7\u03c2 \u03c3\u03b5\u03b9\u03c1\u03ac\u03c2 Everyday \u03c3\u03b5 \u03b1\u03c0\u03b1\u03bb\u03ac \u03b3\u03ae\u03b9\u03bd\u03b1 \u03ae \u03bc\u03c0\u03bb\u03b5 \u03c4\u03cc\u03bd\u03bf\u03c5\u03c2, \u03c0\u03c1\u03bf\u03c3\u03b8\u03ad\u03c4\u03bf\u03bd\u03c4\u03b1\u03c2 \u03bc\u03b9\u03b1 \u03b4\u03b9\u03b1\u03ba\u03c1\u03b9\u03c4\u03b9\u03ba\u03ae, \u03b5\u03ba\u03bb\u03b5\u03c0\u03c4\u03c5\u03c3\u03bc\u03ad\u03bd\u03b7 \u03bd\u03cc\u03c4\u03b1 \u03c3\u03c4\u03bf \u03c4\u03c1\u03b1\u03c0\u03ad\u03b6\u03b9 \u03c3\u03b1\u03c2. [&hellip;]<\/p>\n","protected":false},"featured_media":7170,"comment_status":"closed","ping_status":"closed","template":"","meta":{"_gspb_post_css":""},"product_brand":[],"product_cat":[99,97,96,298],"product_tag":[101,189,199,200,201,196,197,198],"class_list":{"0":"post-7168","1":"product","2":"type-product","3":"status-publish","4":"has-post-thumbnail","6":"product_cat-porselanes","7":"product_cat-greengate-home-decor","8":"product_cat-home-decor","9":"product_cat-koupes","10":"product_tag-greengate","11":"product_tag-inp031025","12":"product_tag-koupa-kafe","13":"product_tag-koupa-poselanis","14":"product_tag-koupa-tsagiou","15":"product_tag-196","16":"product_tag-197","17":"product_tag-198","19":"first","20":"instock","21":"purchasable","22":"product-type-simple"},"ct_brands":[],"_links":{"self":[{"href":"https:\/\/past-perfect.gr\/fr\/wp-json\/wp\/v2\/product\/7168","targetHints":{"allow":["GET"]}}],"collection":[{"href":"https:\/\/past-perfect.gr\/fr\/wp-json\/wp\/v2\/product"}],"about":[{"href":"https:\/\/past-perfect.gr\/fr\/wp-json\/wp\/v2\/types\/product"}],"replies":[{"embeddable":true,"href":"https:\/\/past-perfect.gr\/fr\/wp-json\/wp\/v2\/comments?post=7168"}],"wp:featuredmedia":[{"embeddable":true,"href":"https:\/\/past-perfect.gr\/fr\/wp-json\/wp\/v2\/media\/7170"}],"wp:attachment":[{"href":"https:\/\/past-perfect.gr\/fr\/wp-json\/wp\/v2\/media?parent=7168"}],"wp:term":[{"taxonomy":"product_brand","embeddable":true,"href":"https:\/\/past-perfect.gr\/fr\/wp-json\/wp\/v2\/product_brand?post=7168"},{"taxonomy":"product_cat","embeddable":true,"href":"https:\/\/past-perfect.gr\/fr\/wp-json\/wp\/v2\/product_cat?post=7168"},{"taxonomy":"product_tag","embeddable":true,"href":"https:\/\/past-perfect.gr\/fr\/wp-json\/wp\/v2\/product_tag?post=7168"}],"curies":[{"name":"wp","href":"https:\/\/api.w.org\/{rel}","templated":true}]}}