{"id":982,"date":"2020-04-01T12:22:47","date_gmt":"2020-04-01T09:22:47","guid":{"rendered":"https:\/\/past-perfect.gr\/product\/nordic-chic-%cf%80%ce%b9%ce%bd%ce%ad%ce%bb%ce%bf-%cf%84%ce%b5%cf%87%ce%bd%ce%bf%cf%84%cf%81%ce%bf%cf%80%ce%af%ce%b1%cf%82\/"},"modified":"2025-06-06T13:38:18","modified_gmt":"2025-06-06T10:38:18","slug":"brosse-style-nordique-chic","status":"publish","type":"product","link":"https:\/\/past-perfect.gr\/fr\/katastima\/diy-proionta\/nordic-chic\/pinela-ergaleia\/nordic-chic-%cf%80%ce%b9%ce%bd%ce%ad%ce%bb%ce%bf-%cf%84%ce%b5%cf%87%ce%bd%ce%bf%cf%84%cf%81%ce%bf%cf%80%ce%af%ce%b1%cf%82\/","title":{"rendered":"Brosse de style Nordic Chic"},"content":{"rendered":"<div class=\"product-short-description\">\n<p>&nbsp;<\/p>\n<p>&nbsp;<\/p>\n<\/div>","protected":false},"excerpt":{"rendered":"<p>Pinceau carr\u00e9, \u00e9pais et tr\u00e8s r\u00e9sistant, avec des poils synth\u00e9tiques pour les coiffures. Id\u00e9al pour m\u00e9langer avec Nordic Chic Glaze et utiliser avec Nordic Chic Woody.<\/p>","protected":false},"featured_media":983,"comment_status":"closed","ping_status":"open","template":"","meta":{"_gspb_post_css":""},"product_brand":[],"product_cat":[87,88,91],"product_tag":[],"class_list":{"0":"post-982","1":"product","2":"type-product","3":"status-publish","4":"has-post-thumbnail","6":"product_cat-diy-proionta","7":"product_cat-nordic-chic","8":"product_cat-pinela-ergaleia","10":"first","11":"instock","12":"sold-individually","13":"taxable","14":"shipping-taxable","15":"purchasable","16":"product-type-simple"},"ct_brands":[],"_links":{"self":[{"href":"https:\/\/past-perfect.gr\/fr\/wp-json\/wp\/v2\/product\/982","targetHints":{"allow":["GET"]}}],"collection":[{"href":"https:\/\/past-perfect.gr\/fr\/wp-json\/wp\/v2\/product"}],"about":[{"href":"https:\/\/past-perfect.gr\/fr\/wp-json\/wp\/v2\/types\/product"}],"replies":[{"embeddable":true,"href":"https:\/\/past-perfect.gr\/fr\/wp-json\/wp\/v2\/comments?post=982"}],"wp:featuredmedia":[{"embeddable":true,"href":"https:\/\/past-perfect.gr\/fr\/wp-json\/wp\/v2\/media\/983"}],"wp:attachment":[{"href":"https:\/\/past-perfect.gr\/fr\/wp-json\/wp\/v2\/media?parent=982"}],"wp:term":[{"taxonomy":"product_brand","embeddable":true,"href":"https:\/\/past-perfect.gr\/fr\/wp-json\/wp\/v2\/product_brand?post=982"},{"taxonomy":"product_cat","embeddable":true,"href":"https:\/\/past-perfect.gr\/fr\/wp-json\/wp\/v2\/product_cat?post=982"},{"taxonomy":"product_tag","embeddable":true,"href":"https:\/\/past-perfect.gr\/fr\/wp-json\/wp\/v2\/product_tag?post=982"}],"curies":[{"name":"wp","href":"https:\/\/api.w.org\/{rel}","templated":true}]}}