{"id":995,"date":"2020-04-23T13:27:28","date_gmt":"2020-04-23T10:27:28","guid":{"rendered":"https:\/\/past-perfect.gr\/product\/wax-brush-14\/"},"modified":"2025-06-06T13:38:22","modified_gmt":"2025-06-06T10:38:22","slug":"brosse-a-cire-14","status":"publish","type":"product","link":"https:\/\/past-perfect.gr\/fr\/katastima\/diy-proionta\/nordic-chic\/pinela-ergaleia\/wax-brush-14\/","title":{"rendered":"Brosse en cheveux naturels No 12"},"content":{"rendered":"<div class=\"product-short-description\">\n<p>Brosse de diam\u00e8tre ovale en poils naturels 100%<\/p>\n<p>Il peut \u00eatre utilis\u00e9 pour appliquer la cire sur des meubles peints ou pour peindre avec de la peinture \u00e0 la craie si vous souhaitez obtenir un coup de pinceau plus intense.<\/p>\n<\/div>\n<div class=\"quantity buttons_added\"><\/div>","protected":false},"excerpt":{"rendered":"<div class=\"product-short-description\">\n<p>Ces pinceaux sont en poils blancs naturels et peuvent \u00eatre utilis\u00e9s soit pour appliquer de la cire sur des meubles peints, soit pour appliquer de la peinture \u00e0 la craie (pour une texture de pinceau plus intense).<\/p>\n<p>&nbsp;<\/p>\n<\/div>","protected":false},"featured_media":996,"comment_status":"closed","ping_status":"open","template":"","meta":{"_gspb_post_css":""},"product_brand":[],"product_cat":[87,88,91],"product_tag":[],"class_list":{"0":"post-995","1":"product","2":"type-product","3":"status-publish","4":"has-post-thumbnail","6":"product_cat-diy-proionta","7":"product_cat-nordic-chic","8":"product_cat-pinela-ergaleia","10":"first","11":"instock","12":"sold-individually","13":"taxable","14":"shipping-taxable","15":"purchasable","16":"product-type-simple"},"ct_brands":[],"_links":{"self":[{"href":"https:\/\/past-perfect.gr\/fr\/wp-json\/wp\/v2\/product\/995","targetHints":{"allow":["GET"]}}],"collection":[{"href":"https:\/\/past-perfect.gr\/fr\/wp-json\/wp\/v2\/product"}],"about":[{"href":"https:\/\/past-perfect.gr\/fr\/wp-json\/wp\/v2\/types\/product"}],"replies":[{"embeddable":true,"href":"https:\/\/past-perfect.gr\/fr\/wp-json\/wp\/v2\/comments?post=995"}],"wp:featuredmedia":[{"embeddable":true,"href":"https:\/\/past-perfect.gr\/fr\/wp-json\/wp\/v2\/media\/996"}],"wp:attachment":[{"href":"https:\/\/past-perfect.gr\/fr\/wp-json\/wp\/v2\/media?parent=995"}],"wp:term":[{"taxonomy":"product_brand","embeddable":true,"href":"https:\/\/past-perfect.gr\/fr\/wp-json\/wp\/v2\/product_brand?post=995"},{"taxonomy":"product_cat","embeddable":true,"href":"https:\/\/past-perfect.gr\/fr\/wp-json\/wp\/v2\/product_cat?post=995"},{"taxonomy":"product_tag","embeddable":true,"href":"https:\/\/past-perfect.gr\/fr\/wp-json\/wp\/v2\/product_tag?post=995"}],"curies":[{"name":"wp","href":"https:\/\/api.w.org\/{rel}","templated":true}]}}